{"id":46,"date":"2023-05-10T11:41:08","date_gmt":"2023-05-10T11:41:08","guid":{"rendered":"https:\/\/meluga.lt\/?page_id=46"},"modified":"2023-05-10T11:41:08","modified_gmt":"2023-05-10T11:41:08","slug":"naujos-kartos-biologiniai-nuoteku-valymo-irenginiai","status":"publish","type":"page","link":"https:\/\/meluga.lt\/?page_id=46","title":{"rendered":"Naujos kartos biologiniai nuotek\u0173 valymo \u012frenginiai"},"content":{"rendered":"\n<figure class=\"wp-block-image size-full\"><img loading=\"lazy\" decoding=\"async\" width=\"1024\" height=\"963\" src=\"https:\/\/meluga.lt\/wp-content\/uploads\/2023\/05\/image-4.png\" alt=\"\" class=\"wp-image-47\" srcset=\"https:\/\/meluga.lt\/wp-content\/uploads\/2023\/05\/image-4.png 1024w, https:\/\/meluga.lt\/wp-content\/uploads\/2023\/05\/image-4-300x282.png 300w, https:\/\/meluga.lt\/wp-content\/uploads\/2023\/05\/image-4-768x722.png 768w\" sizes=\"auto, (max-width: 1024px) 100vw, 1024px\" \/><\/figure>\n\n\n\n<p>Aplinkosauginiams reikalavimams grie\u017et\u0117jant, mes jau dabar galime pasi\u016blyti inovatyvi\u0105 sistem\u0105.&nbsp;Modernaus, i\u0161skirtinio dizaino biologinius \u012frenginius, skirtus valyti buitines nuotekas i\u0161 individuali\u0173 nam\u0173, sodyb\u0173,&nbsp;komercini\u0173 patalp\u0173 ir pan., kur vartotoj\u0173 skai\u010dius nevir\u0161ija 50 GE (gyventoj\u0173 ekvivalentas). \u0160is \u012frenginys&nbsp;<strong>itin gerai&nbsp;valo fosfor\u0105<\/strong>, kurio gausu&nbsp;buitin\u0117je chemijoje, asmenin\u0117s higienos priemon\u0117se.&nbsp;Nuotek\u0173 valymo \u012frenginys skirtas&nbsp;nuotekoms patenkan\u010dioms i\u0161 virtuv\u0117s, vonios, WC ir kit\u0173 pana\u0161ios&nbsp;paskirties patalp\u0173, valyti. \u012e \u012frengin\u012f draud\u017eiama&nbsp;pilti aliej\u0173, riebalus (leistinas riebal\u0173 kiekis yra toks, kuris&nbsp;\u012fprastai patenka \u012f vamzdyn\u0105 ind\u0173 plovimo metu), chemines&nbsp;med\u017eiagas (lakus, da\u017eus, baliklius ir kitas med\u017eiagas,&nbsp;ypa\u010d turin\u010dias chloro). Taip pat \u012f \u012frengin\u012f negali patekti pavir\u0161in\u0117s&nbsp;nuotekos nuo stogo, kiemo ir pan.,&nbsp;bei vandenys&nbsp;i\u0161 basein\u0173, kurie gali sutrikdyti \u012frenginio hidraulin\u012f veikim\u0105.&nbsp;<strong>Standarti\u0161kai valymo \u012frenginio komplekte b\u016bna \u017ealias gelkautinis dangtelis (1).&nbsp;<\/strong>Ta\u010diau esant poreikiui, galime pasi\u016blyti ir kit\u0173 variant\u0173 :&nbsp;&nbsp;<strong>TELESKOPAS (2)<\/strong>&nbsp;&#8211; variantas idealiai tinkantis tiems, kurie taupo viet\u0105 savo sklype. Reaguliuojamo auk\u0161\u010dio teleskopas su juodos arba \u017ealios spalvos plastikiniu&nbsp;dangteliu.&nbsp;<strong>PER\u0116JIMAS po&nbsp;va\u017eiuojam\u0105ja dalimi (3).<\/strong>&nbsp;Pasirinkimas tinkamas tuo atveju, jeigu planuojate valymo \u012frengin\u012f montuoti po va\u017eiuojam\u0105ja dalimi, kur numatyta danga (kaip pvz.) trinkel\u0117s. Panaudojus per\u0117jim\u0105, beliks pasir\u016bpinti tik ketiniu dang\u010diu, kur\u012f i\u0161sirinksite pagal savo poreikius.<\/p>\n","protected":false},"excerpt":{"rendered":"<p>Aplinkosauginiams reikalavimams grie\u017et\u0117jant, mes jau dabar galime pasi\u016blyti inovatyvi\u0105 sistem\u0105.&nbsp;Modernaus, i\u0161skirtinio dizaino biologinius \u012frenginius, skirtus valyti buitines nuotekas i\u0161 individuali\u0173 nam\u0173, sodyb\u0173,&nbsp;komercini\u0173 patalp\u0173 ir pan., kur vartotoj\u0173 skai\u010dius nevir\u0161ija 50 GE (gyventoj\u0173 ekvivalentas). \u0160is \u012frenginys&nbsp;itin gerai&nbsp;valo fosfor\u0105, kurio gausu&nbsp;buitin\u0117je chemijoje, asmenin\u0117s higienos priemon\u0117se.&nbsp;Nuotek\u0173 valymo \u012frenginys skirtas&nbsp;nuotekoms patenkan\u010dioms i\u0161 virtuv\u0117s, vonios, WC ir kit\u0173 pana\u0161ios&nbsp;paskirties patalp\u0173, &hellip; <a href=\"https:\/\/meluga.lt\/?page_id=46\" class=\"more-link\">Continue reading <span class=\"screen-reader-text\">Naujos kartos biologiniai nuotek\u0173 valymo \u012frenginiai<\/span><\/a><\/p>\n","protected":false},"author":1,"featured_media":0,"parent":0,"menu_order":0,"comment_status":"closed","ping_status":"closed","template":"","meta":{"footnotes":""},"class_list":["post-46","page","type-page","status-publish","hentry"],"_links":{"self":[{"href":"https:\/\/meluga.lt\/index.php?rest_route=\/wp\/v2\/pages\/46","targetHints":{"allow":["GET"]}}],"collection":[{"href":"https:\/\/meluga.lt\/index.php?rest_route=\/wp\/v2\/pages"}],"about":[{"href":"https:\/\/meluga.lt\/index.php?rest_route=\/wp\/v2\/types\/page"}],"author":[{"embeddable":true,"href":"https:\/\/meluga.lt\/index.php?rest_route=\/wp\/v2\/users\/1"}],"replies":[{"embeddable":true,"href":"https:\/\/meluga.lt\/index.php?rest_route=%2Fwp%2Fv2%2Fcomments&post=46"}],"version-history":[{"count":2,"href":"https:\/\/meluga.lt\/index.php?rest_route=\/wp\/v2\/pages\/46\/revisions"}],"predecessor-version":[{"id":55,"href":"https:\/\/meluga.lt\/index.php?rest_route=\/wp\/v2\/pages\/46\/revisions\/55"}],"wp:attachment":[{"href":"https:\/\/meluga.lt\/index.php?rest_route=%2Fwp%2Fv2%2Fmedia&parent=46"}],"curies":[{"name":"wp","href":"https:\/\/api.w.org\/{rel}","templated":true}]}}